{"id":54,"date":"2021-12-14T11:09:21","date_gmt":"2021-12-14T08:09:21","guid":{"rendered":"https:\/\/rotaryvaasa.fi\/?page_id=54"},"modified":"2024-09-03T13:30:56","modified_gmt":"2024-09-03T10:30:56","slug":"vaasa-rotaryklubi-vasa-rotaryklubb-rotaryclub-of-vaasa-svenska","status":"publish","type":"page","link":"https:\/\/rotaryvaasa.fi\/","title":{"rendered":"Vaasa Rotaryklubi-Vasa Rotaryklubb-Rotaryclub of Vaasa &#8211; Svenska"},"content":{"rendered":"\n<h2 class=\"wp-block-heading\">Vaasa Rotaryklubi-Vasa Rotaryklubb-Rotaryclub of Vaasa<\/h2>\n\n\n\n<p>Rotary \u00e4r ett globalt n\u00e4tverk med 1,4 miljoner medlemmar som arbetar med att f\u00f6rb\u00e4ttra v\u00e5r v\u00e4rld.&nbsp;Rotary \u00e4r en organisation f\u00f6r samh\u00e4llsengagerade personer med olika yrkesbakgrund, k\u00f6n,&nbsp;\u00e5lder, religion och etnisk tillh\u00f6righet,&nbsp;som g\u00f6r humanit\u00e4ra insatser och arbetar f\u00f6r att fr\u00e4mja&nbsp;samf\u00f6rst\u00e5nd, goodwill och fred i v\u00e4rlden. V\u00e5r verksamhets motto \u00e4r &#8220;Osj\u00e4lviskt tj\u00e4nande&#8221;<br><br>Vasa Rotaryklubb \u00e4r Finlands femte \u00e4ldsta rotaryklubb. Klubben \u00e4r grundat 1935. Vi tillh\u00f6r distrikt 1385 i Finland.<\/p>\n\n\n\n<p> Kontakta g\u00e4rna klubbens President, Pirkko Nordstr\u00f6m gsm: +358 (0) 05 334 2896 eller e-post: nordstrompirkko@gmail.com<\/p>\n\n\n\n<p>eller klubbens Sekreterare, Tuomo Klapuri e-post: rotary@rotaryvaasa.fi eller gsm: +358 (0) 50 342 9625<\/p>\n\n\n\n<p>M\u00f6tesplats \u00e4r vid Svenska klubben, Strandgatan 4, Vasa, tid &#8211; Tisdagar 11:45 &#8211; 12:45<\/p>\n\n\n\n<p><\/p>\n","protected":false},"excerpt":{"rendered":"<p>Vaasa Rotaryklubi-Vasa Rotaryklubb-Rotaryclub of Vaasa Rotary \u00e4r ett globalt n\u00e4tverk med 1,4 miljoner medlemmar som arbetar med att f\u00f6rb\u00e4ttra v\u00e5r v\u00e4rld.&nbsp;Rotary \u00e4r en organisation f\u00f6r samh\u00e4llsengagerade personer med olika yrkesbakgrund, k\u00f6n,&nbsp;\u00e5lder, religion och etnisk tillh\u00f6righet,&nbsp;som g\u00f6r humanit\u00e4ra insatser och arbetar f\u00f6r att fr\u00e4mja&nbsp;samf\u00f6rst\u00e5nd, goodwill och fred i v\u00e4rlden. V\u00e5r verksamhets motto \u00e4r &#8220;Osj\u00e4lviskt tj\u00e4nande&#8221; Vasa [&hellip;]<\/p>\n","protected":false},"author":1,"featured_media":0,"parent":0,"menu_order":0,"comment_status":"closed","ping_status":"closed","template":"","meta":{"footnotes":""},"class_list":["post-54","page","type-page","status-publish","hentry","post"],"_links":{"self":[{"href":"https:\/\/rotaryvaasa.fi\/index.php?rest_route=\/wp\/v2\/pages\/54","targetHints":{"allow":["GET"]}}],"collection":[{"href":"https:\/\/rotaryvaasa.fi\/index.php?rest_route=\/wp\/v2\/pages"}],"about":[{"href":"https:\/\/rotaryvaasa.fi\/index.php?rest_route=\/wp\/v2\/types\/page"}],"author":[{"embeddable":true,"href":"https:\/\/rotaryvaasa.fi\/index.php?rest_route=\/wp\/v2\/users\/1"}],"replies":[{"embeddable":true,"href":"https:\/\/rotaryvaasa.fi\/index.php?rest_route=%2Fwp%2Fv2%2Fcomments&post=54"}],"version-history":[{"count":8,"href":"https:\/\/rotaryvaasa.fi\/index.php?rest_route=\/wp\/v2\/pages\/54\/revisions"}],"predecessor-version":[{"id":109,"href":"https:\/\/rotaryvaasa.fi\/index.php?rest_route=\/wp\/v2\/pages\/54\/revisions\/109"}],"wp:attachment":[{"href":"https:\/\/rotaryvaasa.fi\/index.php?rest_route=%2Fwp%2Fv2%2Fmedia&parent=54"}],"curies":[{"name":"wp","href":"https:\/\/api.w.org\/{rel}","templated":true}]}}